{"id":786,"date":"2025-03-11T11:26:14","date_gmt":"2025-03-11T10:26:14","guid":{"rendered":"https:\/\/wpml.oxysuisse.ch\/?page_id=786"},"modified":"2026-04-21T12:50:54","modified_gmt":"2026-04-21T10:50:54","slug":"ueber-uns","status":"publish","type":"page","link":"https:\/\/oxysuisse.ch\/de\/ueber-uns\/","title":{"rendered":"\u00dcber uns"},"content":{"rendered":"\n<p class=\"block-content-headline\">\n  Unser Ziel ist es, der \u00f6ffentlichen Gesundheit Vorrang vor den kommerziellen Interessen der Tabakindustrie zu geben. Um dies zu erreichen, st\u00fctzt sich unsere Mission auf drei S\u00e4ulen: Wissen, Kommunikation und Aktion.<\/p>\n\n\n\n<p>OxySuisse st\u00fctzt sich auf das Rahmen\u00fcbereinkommen der WHO und internationale Best Practices im Bereich der Tabakbek\u00e4mpfung, wobei der Schwerpunkt auf den <strong><a href=\"https:\/\/transparencyandtruth.ch\/de\/kommerzielle-determinanten-der-gesundheit\/\" type=\"link\" id=\"https:\/\/transparencyandtruth.ch\/de\/kontext\/\" target=\"_blank\" rel=\"noreferrer noopener\">kommerziellen Determinanten der Gesundheit<\/a><\/strong> liegt und die Pr\u00e4vention durch Verhaltens\u00e4nderungen erg\u00e4nzt wird.<\/p>\n\n\n\n<p>Weitere Informationen zu OxySuisse finden Sie in <a href=\"https:\/\/wpml.oxysuisse.ch\/de\/statuten\/\">unseren Statuten<\/a> oder in unserem aktuellen Jahresbericht.<\/p>\n\n\n\n<p><\/p>\n","protected":false},"excerpt":{"rendered":"<p>OxySuisse st\u00fctzt sich auf das Rahmen\u00fcbereinkommen der WHO und internationale Best Practices im Bereich der Tabakbek\u00e4mpfung, wobei der Schwerpunkt auf den kommerziellen Determinanten der Gesundheit liegt und die Pr\u00e4vention durch Verhaltens\u00e4nderungen erg\u00e4nzt wird. Weitere Informationen zu OxySuisse finden Sie in unseren Statuten oder in unserem aktuellen Jahresbericht.<\/p>\n","protected":false},"author":2,"featured_media":787,"parent":0,"menu_order":0,"comment_status":"closed","ping_status":"closed","template":"templates\/template-about.php","meta":{"_acf_changed":false,"footnotes":""},"class_list":["post-786","page","type-page","status-publish","has-post-thumbnail","hentry"],"acf":[],"yoast_head":"<!-- This site is optimized with the Yoast SEO plugin v27.4 - https:\/\/yoast.com\/product\/yoast-seo-wordpress\/ -->\n<title>\u00dcber uns - OxySuisse<\/title>\n<meta name=\"robots\" content=\"index, follow, max-snippet:-1, max-image-preview:large, max-video-preview:-1\" \/>\n<link rel=\"canonical\" href=\"https:\/\/oxysuisse.ch\/de\/ueber-uns\/\" \/>\n<meta property=\"og:locale\" content=\"de_DE\" \/>\n<meta property=\"og:type\" content=\"article\" \/>\n<meta property=\"og:title\" content=\"\u00dcber uns - OxySuisse\" \/>\n<meta property=\"og:description\" content=\"OxySuisse st\u00fctzt sich auf das Rahmen\u00fcbereinkommen der WHO und internationale Best Practices im Bereich der Tabakbek\u00e4mpfung, wobei der Schwerpunkt auf den kommerziellen Determinanten der Gesundheit liegt und die Pr\u00e4vention durch Verhaltens\u00e4nderungen erg\u00e4nzt wird. Weitere Informationen zu OxySuisse finden Sie in unseren Statuten oder in unserem aktuellen Jahresbericht.\" \/>\n<meta property=\"og:url\" content=\"https:\/\/oxysuisse.ch\/de\/ueber-uns\/\" \/>\n<meta property=\"og:site_name\" content=\"OxySuisse\" \/>\n<meta property=\"article:modified_time\" content=\"2026-04-21T10:50:54+00:00\" \/>\n<meta name=\"twitter:card\" content=\"summary_large_image\" \/>\n<meta name=\"twitter:label1\" content=\"Gesch\u00e4tzte Lesezeit\" \/>\n\t<meta name=\"twitter:data1\" content=\"1\u00a0Minute\" \/>\n<script type=\"application\/ld+json\" class=\"yoast-schema-graph\">{\"@context\":\"https:\\\/\\\/schema.org\",\"@graph\":[{\"@type\":\"WebPage\",\"@id\":\"https:\\\/\\\/oxysuisse.ch\\\/de\\\/ueber-uns\\\/\",\"url\":\"https:\\\/\\\/oxysuisse.ch\\\/de\\\/ueber-uns\\\/\",\"name\":\"\u00dcber uns - OxySuisse\",\"isPartOf\":{\"@id\":\"https:\\\/\\\/oxysuisse.ch\\\/de\\\/#website\"},\"primaryImageOfPage\":{\"@id\":\"https:\\\/\\\/oxysuisse.ch\\\/de\\\/ueber-uns\\\/#primaryimage\"},\"image\":{\"@id\":\"https:\\\/\\\/oxysuisse.ch\\\/de\\\/ueber-uns\\\/#primaryimage\"},\"thumbnailUrl\":\"https:\\\/\\\/oxysuisse.ch\\\/wp-content\\\/uploads\\\/2025\\\/03\\\/250305-OXY-PICTO_oeil.svg\",\"datePublished\":\"2025-03-11T10:26:14+00:00\",\"dateModified\":\"2026-04-21T10:50:54+00:00\",\"breadcrumb\":{\"@id\":\"https:\\\/\\\/oxysuisse.ch\\\/de\\\/ueber-uns\\\/#breadcrumb\"},\"inLanguage\":\"de\",\"potentialAction\":[{\"@type\":\"ReadAction\",\"target\":[\"https:\\\/\\\/oxysuisse.ch\\\/de\\\/ueber-uns\\\/\"]}]},{\"@type\":\"ImageObject\",\"inLanguage\":\"de\",\"@id\":\"https:\\\/\\\/oxysuisse.ch\\\/de\\\/ueber-uns\\\/#primaryimage\",\"url\":\"https:\\\/\\\/oxysuisse.ch\\\/wp-content\\\/uploads\\\/2025\\\/03\\\/250305-OXY-PICTO_oeil.svg\",\"contentUrl\":\"https:\\\/\\\/oxysuisse.ch\\\/wp-content\\\/uploads\\\/2025\\\/03\\\/250305-OXY-PICTO_oeil.svg\"},{\"@type\":\"BreadcrumbList\",\"@id\":\"https:\\\/\\\/oxysuisse.ch\\\/de\\\/ueber-uns\\\/#breadcrumb\",\"itemListElement\":[{\"@type\":\"ListItem\",\"position\":1,\"name\":\"Accueil\",\"item\":\"https:\\\/\\\/oxysuisse.ch\\\/de\\\/\"},{\"@type\":\"ListItem\",\"position\":2,\"name\":\"\u00dcber uns\"}]},{\"@type\":\"WebSite\",\"@id\":\"https:\\\/\\\/oxysuisse.ch\\\/de\\\/#website\",\"url\":\"https:\\\/\\\/oxysuisse.ch\\\/de\\\/\",\"name\":\"OxySuisse\",\"description\":\"\",\"potentialAction\":[{\"@type\":\"SearchAction\",\"target\":{\"@type\":\"EntryPoint\",\"urlTemplate\":\"https:\\\/\\\/oxysuisse.ch\\\/de\\\/?s={search_term_string}\"},\"query-input\":{\"@type\":\"PropertyValueSpecification\",\"valueRequired\":true,\"valueName\":\"search_term_string\"}}],\"inLanguage\":\"de\"}]}<\/script>\n<!-- \/ Yoast SEO plugin. -->","yoast_head_json":{"title":"\u00dcber uns - OxySuisse","robots":{"index":"index","follow":"follow","max-snippet":"max-snippet:-1","max-image-preview":"max-image-preview:large","max-video-preview":"max-video-preview:-1"},"canonical":"https:\/\/oxysuisse.ch\/de\/ueber-uns\/","og_locale":"de_DE","og_type":"article","og_title":"\u00dcber uns - OxySuisse","og_description":"OxySuisse st\u00fctzt sich auf das Rahmen\u00fcbereinkommen der WHO und internationale Best Practices im Bereich der Tabakbek\u00e4mpfung, wobei der Schwerpunkt auf den kommerziellen Determinanten der Gesundheit liegt und die Pr\u00e4vention durch Verhaltens\u00e4nderungen erg\u00e4nzt wird. Weitere Informationen zu OxySuisse finden Sie in unseren Statuten oder in unserem aktuellen Jahresbericht.","og_url":"https:\/\/oxysuisse.ch\/de\/ueber-uns\/","og_site_name":"OxySuisse","article_modified_time":"2026-04-21T10:50:54+00:00","twitter_card":"summary_large_image","twitter_misc":{"Gesch\u00e4tzte Lesezeit":"1\u00a0Minute"},"schema":{"@context":"https:\/\/schema.org","@graph":[{"@type":"WebPage","@id":"https:\/\/oxysuisse.ch\/de\/ueber-uns\/","url":"https:\/\/oxysuisse.ch\/de\/ueber-uns\/","name":"\u00dcber uns - OxySuisse","isPartOf":{"@id":"https:\/\/oxysuisse.ch\/de\/#website"},"primaryImageOfPage":{"@id":"https:\/\/oxysuisse.ch\/de\/ueber-uns\/#primaryimage"},"image":{"@id":"https:\/\/oxysuisse.ch\/de\/ueber-uns\/#primaryimage"},"thumbnailUrl":"https:\/\/oxysuisse.ch\/wp-content\/uploads\/2025\/03\/250305-OXY-PICTO_oeil.svg","datePublished":"2025-03-11T10:26:14+00:00","dateModified":"2026-04-21T10:50:54+00:00","breadcrumb":{"@id":"https:\/\/oxysuisse.ch\/de\/ueber-uns\/#breadcrumb"},"inLanguage":"de","potentialAction":[{"@type":"ReadAction","target":["https:\/\/oxysuisse.ch\/de\/ueber-uns\/"]}]},{"@type":"ImageObject","inLanguage":"de","@id":"https:\/\/oxysuisse.ch\/de\/ueber-uns\/#primaryimage","url":"https:\/\/oxysuisse.ch\/wp-content\/uploads\/2025\/03\/250305-OXY-PICTO_oeil.svg","contentUrl":"https:\/\/oxysuisse.ch\/wp-content\/uploads\/2025\/03\/250305-OXY-PICTO_oeil.svg"},{"@type":"BreadcrumbList","@id":"https:\/\/oxysuisse.ch\/de\/ueber-uns\/#breadcrumb","itemListElement":[{"@type":"ListItem","position":1,"name":"Accueil","item":"https:\/\/oxysuisse.ch\/de\/"},{"@type":"ListItem","position":2,"name":"\u00dcber uns"}]},{"@type":"WebSite","@id":"https:\/\/oxysuisse.ch\/de\/#website","url":"https:\/\/oxysuisse.ch\/de\/","name":"OxySuisse","description":"","potentialAction":[{"@type":"SearchAction","target":{"@type":"EntryPoint","urlTemplate":"https:\/\/oxysuisse.ch\/de\/?s={search_term_string}"},"query-input":{"@type":"PropertyValueSpecification","valueRequired":true,"valueName":"search_term_string"}}],"inLanguage":"de"}]}},"_links":{"self":[{"href":"https:\/\/oxysuisse.ch\/de\/wp-json\/wp\/v2\/pages\/786","targetHints":{"allow":["GET"]}}],"collection":[{"href":"https:\/\/oxysuisse.ch\/de\/wp-json\/wp\/v2\/pages"}],"about":[{"href":"https:\/\/oxysuisse.ch\/de\/wp-json\/wp\/v2\/types\/page"}],"author":[{"embeddable":true,"href":"https:\/\/oxysuisse.ch\/de\/wp-json\/wp\/v2\/users\/2"}],"replies":[{"embeddable":true,"href":"https:\/\/oxysuisse.ch\/de\/wp-json\/wp\/v2\/comments?post=786"}],"version-history":[{"count":31,"href":"https:\/\/oxysuisse.ch\/de\/wp-json\/wp\/v2\/pages\/786\/revisions"}],"predecessor-version":[{"id":1334,"href":"https:\/\/oxysuisse.ch\/de\/wp-json\/wp\/v2\/pages\/786\/revisions\/1334"}],"wp:featuredmedia":[{"embeddable":true,"href":"https:\/\/oxysuisse.ch\/de\/wp-json\/wp\/v2\/media\/787"}],"wp:attachment":[{"href":"https:\/\/oxysuisse.ch\/de\/wp-json\/wp\/v2\/media?parent=786"}],"curies":[{"name":"wp","href":"https:\/\/api.w.org\/{rel}","templated":true}]}}